{"id":2394,"date":"2024-10-17T05:05:05","date_gmt":"2024-10-17T05:05:05","guid":{"rendered":"https:\/\/fitnessmais.com.br\/site2024\/?page_id=2394"},"modified":"2024-10-28T01:25:07","modified_gmt":"2024-10-28T01:25:07","slug":"atendimento-e-vendas","status":"publish","type":"page","link":"https:\/\/fitnessmais.com.br\/site2024\/online\/atendimento-e-vendas\/","title":{"rendered":"ATENDIMENTO E VENDAS"},"content":{"rendered":"\t\t<div data-elementor-type=\"wp-page\" data-elementor-id=\"2394\" class=\"elementor elementor-2394\" data-elementor-post-type=\"page\">\n\t\t\t\t\t\t<section class=\"elementor-section elementor-top-section elementor-element elementor-element-8a6384a elementor-section-boxed elementor-section-height-default elementor-section-height-default wpr-particle-no wpr-jarallax-no wpr-parallax-no wpr-sticky-section-no\" data-id=\"8a6384a\" data-element_type=\"section\" id=\"TOPO\" data-settings=\"{&quot;background_background&quot;:&quot;classic&quot;}\">\n\t\t\t\t\t\t\t<div class=\"elementor-background-overlay\"><\/div>\n\t\t\t\t\t\t\t<div class=\"elementor-container elementor-column-gap-extended\">\n\t\t\t\t\t<div class=\"elementor-column elementor-col-100 elementor-top-column elementor-element elementor-element-9c7ba51\" data-id=\"9c7ba51\" data-element_type=\"column\">\n\t\t\t<div class=\"elementor-widget-wrap elementor-element-populated\">\n\t\t\t\t\t\t<div class=\"elementor-element elementor-element-805bf15 elementor-widget elementor-widget-text-editor\" data-id=\"805bf15\" data-element_type=\"widget\" data-widget_type=\"text-editor.default\">\n\t\t\t\t<div class=\"elementor-widget-container\">\n\t\t\t\t\t\t\t<p>CURSO ONLINE<\/p>\t\t\t\t\t\t<\/div>\n\t\t\t\t<\/div>\n\t\t\t\t<div class=\"elementor-element elementor-element-5679f91 elementor-widget elementor-widget-zapedah-title\" data-id=\"5679f91\" data-element_type=\"widget\" data-widget_type=\"zapedah-title.default\">\n\t\t\t\t<div class=\"elementor-widget-container\">\n\t\t\t<h2 class=\"content-title\">Vendas e Atendimento para Academias<span>.<\/span><\/h2>\t\t<\/div>\n\t\t\t\t<\/div>\n\t\t\t\t\t<\/div>\n\t\t<\/div>\n\t\t\t\t\t<\/div>\n\t\t<\/section>\n\t\t\t\t<section class=\"elementor-section elementor-top-section elementor-element elementor-element-03d8838 elementor-section-boxed elementor-section-height-default elementor-section-height-default wpr-particle-no wpr-jarallax-no wpr-parallax-no wpr-sticky-section-no\" data-id=\"03d8838\" data-element_type=\"section\">\n\t\t\t\t\t\t<div class=\"elementor-container elementor-column-gap-default\">\n\t\t\t\t\t<div class=\"elementor-column elementor-col-25 elementor-top-column elementor-element elementor-element-dd7f73d\" data-id=\"dd7f73d\" data-element_type=\"column\">\n\t\t\t<div class=\"elementor-widget-wrap\">\n\t\t\t\t\t\t\t<\/div>\n\t\t<\/div>\n\t\t\t\t<div class=\"elementor-column elementor-col-50 elementor-top-column elementor-element elementor-element-c35e823\" data-id=\"c35e823\" data-element_type=\"column\">\n\t\t\t<div class=\"elementor-widget-wrap elementor-element-populated\">\n\t\t\t\t\t\t<div class=\"elementor-element elementor-element-c6d2c74 elementor-widget elementor-widget-html\" data-id=\"c6d2c74\" data-element_type=\"widget\" data-widget_type=\"html.default\">\n\t\t\t\t<div class=\"elementor-widget-container\">\n\t\t\t<iframe src=\"https:\/\/player.vimeo.com\/video\/420518238\" width=\"734\" height=\"460\" frameborder=\"0\" allow=\"autoplay; fullscreen\" allowfullscreen><\/iframe>\n\t\t<\/div>\n\t\t\t\t<\/div>\n\t\t\t\t\t<\/div>\n\t\t<\/div>\n\t\t\t\t<div class=\"elementor-column elementor-col-25 elementor-top-column elementor-element elementor-element-2d16be9\" data-id=\"2d16be9\" data-element_type=\"column\">\n\t\t\t<div class=\"elementor-widget-wrap elementor-element-populated\">\n\t\t\t\t\t\t<div class=\"elementor-element elementor-element-5a261ed elementor-align-justify elementor-widget elementor-widget-button\" data-id=\"5a261ed\" data-element_type=\"widget\" data-widget_type=\"button.default\">\n\t\t\t\t<div class=\"elementor-widget-container\">\n\t\t\t\t\t<div class=\"elementor-button-wrapper\">\n\t\t\t<a class=\"elementor-button elementor-button-link elementor-size-sm\" href=\"https:\/\/fitnessmais.com.br\/site2024\/cursos-onlin\/\">\n\t\t\t\t\t\t<span class=\"elementor-button-content-wrapper\">\n\t\t\t\t\t\t<span class=\"elementor-button-icon\">\n\t\t\t\t<i aria-hidden=\"true\" class=\"fas fa-arrow-left\"><\/i>\t\t\t<\/span>\n\t\t\t\t\t\t\t\t\t<span class=\"elementor-button-text\">VOLTAR PARA LISTA DE CURSOS<\/span>\n\t\t\t\t\t<\/span>\n\t\t\t\t\t<\/a>\n\t\t<\/div>\n\t\t\t\t<\/div>\n\t\t\t\t<\/div>\n\t\t\t\t\t<\/div>\n\t\t<\/div>\n\t\t\t\t\t<\/div>\n\t\t<\/section>\n\t\t\t\t<section class=\"elementor-section elementor-top-section elementor-element elementor-element-793a22d elementor-section-boxed elementor-section-height-default elementor-section-height-default wpr-particle-no wpr-jarallax-no wpr-parallax-no wpr-sticky-section-no\" data-id=\"793a22d\" data-element_type=\"section\" data-settings=\"{&quot;background_background&quot;:&quot;classic&quot;}\">\n\t\t\t\t\t\t<div class=\"elementor-container elementor-column-gap-default\">\n\t\t\t\t\t<div class=\"elementor-column elementor-col-50 elementor-top-column elementor-element elementor-element-0d52e25\" data-id=\"0d52e25\" data-element_type=\"column\">\n\t\t\t<div class=\"elementor-widget-wrap elementor-element-populated\">\n\t\t\t\t\t\t<div class=\"elementor-element elementor-element-0874571 wpr-price-list-old-position-before elementor-widget elementor-widget-wpr-price-list\" data-id=\"0874571\" data-element_type=\"widget\" data-widget_type=\"wpr-price-list.default\">\n\t\t\t\t<div class=\"elementor-widget-container\">\n\t\t\t\n\t\t<div class=\"wpr-price-list\">\n\t\t\t\n\t\t\t\n\t\t\t\t<div class=\"wpr-price-list-item elementor-repeater-item-17bba8f elementor-clearfix\">\n\t\t\t\t\t\t\t\n\t\t\t\t\n\t\t\t\t\t<div class=\"wpr-price-list-content\">\n\t\t\t\t\t\t\n\t\t\t\t\t\t<div class=\"wpr-price-list-heading\">\n\t\t\t\t\t\t\t\n\t\t\t\t\t\t\t\t\t\t\t\t\t\t\t\n\t\t\t\t\t\t\t<span class=\"wpr-price-list-title\">INVESTIMENTO<\/span>\t\t\t\t\t\t\t\n\t\t\t\t\t\t\t\t\t\t\t\t\t\t\n\t\t\t\t\t\t\t\t\t\t\t\t\t\n\t\t\t\t\t\t\t\t<span class=\"wpr-price-list-separator\"><\/span>\n\t\t\t\t\t\t\t\n\t\t\t\t\t\t\t\t\t\t\t\t\t\t\t<span class=\"wpr-price-list-price-wrap\">\n\t\t\t\t\t\t\t\t\t\t\n\t\t\t\t\t\t\t\t\t<span class=\"wpr-price-list-price\">at\u00e9 12x R$ 34,90<\/span>\n\t\t\t\t\t\t\t\t\t\n\t\t\t\t\t\t\t\t\t\t\t\t\t\t\t\t\t<\/span>\n\t\t\t\t\t\t\t\n\t\t\t\t\t\t<\/div>\n\t\t\t\t\t\t\n\t\t\t\t\t\t\t\t\t\t\t\t\t<div class=\"wpr-price-list-description\">R$ 349,00 \u00e0 vista <\/div>\n\t\t\t\t\t\t\t\t\t\t\t<\/div>\n\n\t\t\t\t<\/div>\n\n\t\t\t\t\t\t<\/div>\n\t\t\t\t<\/div>\n\t\t\t\t<\/div>\n\t\t\t\t\t<\/div>\n\t\t<\/div>\n\t\t\t\t<div class=\"elementor-column elementor-col-50 elementor-top-column elementor-element elementor-element-966b3fe\" data-id=\"966b3fe\" data-element_type=\"column\">\n\t\t\t<div class=\"elementor-widget-wrap elementor-element-populated\">\n\t\t\t\t\t\t<div class=\"elementor-element elementor-element-05b0afe elementor-align-justify elementor-widget__width-inherit elementor-widget elementor-widget-button\" data-id=\"05b0afe\" data-element_type=\"widget\" data-widget_type=\"button.default\">\n\t\t\t\t<div class=\"elementor-widget-container\">\n\t\t\t\t\t<div class=\"elementor-button-wrapper\">\n\t\t\t<a class=\"elementor-button elementor-button-link elementor-size-md\" href=\"https:\/\/sun.eduzz.com\/16943\" target=\"_blank\">\n\t\t\t\t\t\t<span class=\"elementor-button-content-wrapper\">\n\t\t\t\t\t\t<span class=\"elementor-button-icon\">\n\t\t\t\t<i aria-hidden=\"true\" class=\"fas fa-shopping-cart\"><\/i>\t\t\t<\/span>\n\t\t\t\t\t\t\t\t\t<span class=\"elementor-button-text\">INSCREVA-SE AGORA<\/span>\n\t\t\t\t\t<\/span>\n\t\t\t\t\t<\/a>\n\t\t<\/div>\n\t\t\t\t<\/div>\n\t\t\t\t<\/div>\n\t\t\t\t<div class=\"elementor-element elementor-element-c0f1b87 elementor-widget elementor-widget-text-editor\" data-id=\"c0f1b87\" data-element_type=\"widget\" data-widget_type=\"text-editor.default\">\n\t\t\t\t<div class=\"elementor-widget-container\">\n\t\t\t\t\t\t\t<p>Compra 100% Segura &#8211; Verificado e protegido<\/p>\t\t\t\t\t\t<\/div>\n\t\t\t\t<\/div>\n\t\t\t\t\t<\/div>\n\t\t<\/div>\n\t\t\t\t\t<\/div>\n\t\t<\/section>\n\t\t<div class=\"elementor-element elementor-element-b9a15e3 e-flex e-con-boxed wpr-particle-no wpr-jarallax-no wpr-parallax-no wpr-sticky-section-no e-con e-parent\" data-id=\"b9a15e3\" data-element_type=\"container\">\n\t\t\t\t\t<div class=\"e-con-inner\">\n\t\t<div class=\"elementor-element elementor-element-0cd959c e-con-full e-flex wpr-particle-no wpr-jarallax-no wpr-parallax-no wpr-sticky-section-no e-con e-child\" data-id=\"0cd959c\" data-element_type=\"container\">\n\t\t\t\t<div class=\"elementor-element elementor-element-1d4506c elementor-widget-mobile__width-inherit elementor-widget elementor-widget-zapedah-title\" data-id=\"1d4506c\" data-element_type=\"widget\" data-widget_type=\"zapedah-title.default\">\n\t\t\t\t<div class=\"elementor-widget-container\">\n\t\t\t<h2 class=\"content-title\"><b>Assista por at\u00e9 1 ano<\/b> ap\u00f3s a compra, quantas vezes quiser e quando quiser.<\/h2>\t\t<\/div>\n\t\t\t\t<\/div>\n\t\t\t\t<div class=\"elementor-element elementor-element-55f6bd1 elementor-align-left elementor-icon-list--layout-traditional elementor-list-item-link-full_width elementor-widget elementor-widget-icon-list\" data-id=\"55f6bd1\" data-element_type=\"widget\" data-widget_type=\"icon-list.default\">\n\t\t\t\t<div class=\"elementor-widget-container\">\n\t\t\t\t\t<ul class=\"elementor-icon-list-items\">\n\t\t\t\t\t\t\t<li class=\"elementor-icon-list-item\">\n\t\t\t\t\t\t\t\t\t\t\t<span class=\"elementor-icon-list-icon\">\n\t\t\t\t\t\t\t<i aria-hidden=\"true\" class=\"fas fa-chalkboard-teacher\"><\/i>\t\t\t\t\t\t<\/span>\n\t\t\t\t\t\t\t\t\t\t<span class=\"elementor-icon-list-text\">ONLINE<\/span>\n\t\t\t\t\t\t\t\t\t<\/li>\n\t\t\t\t\t\t\t\t<li class=\"elementor-icon-list-item\">\n\t\t\t\t\t\t\t\t\t\t\t<span class=\"elementor-icon-list-icon\">\n\t\t\t\t\t\t\t<i aria-hidden=\"true\" class=\"far fa-clock\"><\/i>\t\t\t\t\t\t<\/span>\n\t\t\t\t\t\t\t\t\t\t<span class=\"elementor-icon-list-text\"><b>3 HORAS AULA EM 7 V\u00cdDEO AULAS<\/b><\/span>\n\t\t\t\t\t\t\t\t\t<\/li>\n\t\t\t\t\t\t\t\t<li class=\"elementor-icon-list-item\">\n\t\t\t\t\t\t\t\t\t\t\t<span class=\"elementor-icon-list-icon\">\n\t\t\t\t\t\t\t<i aria-hidden=\"true\" class=\"fas fa-file-download\"><\/i>\t\t\t\t\t\t<\/span>\n\t\t\t\t\t\t\t\t\t\t<span class=\"elementor-icon-list-text\">MATERIAL PARA DOWNLOAD + CERTIFICADO<\/span>\n\t\t\t\t\t\t\t\t\t<\/li>\n\t\t\t\t\t\t<\/ul>\n\t\t\t\t<\/div>\n\t\t\t\t<\/div>\n\t\t\t\t<div class=\"elementor-element elementor-element-cf463ed elementor-widget-divider--view-line elementor-widget elementor-widget-divider\" data-id=\"cf463ed\" data-element_type=\"widget\" data-widget_type=\"divider.default\">\n\t\t\t\t<div class=\"elementor-widget-container\">\n\t\t\t\t\t<div class=\"elementor-divider\">\n\t\t\t<span class=\"elementor-divider-separator\">\n\t\t\t\t\t\t<\/span>\n\t\t<\/div>\n\t\t\t\t<\/div>\n\t\t\t\t<\/div>\n\t\t\t\t<div class=\"elementor-element elementor-element-809e9ac elementor-widget elementor-widget-text-editor\" data-id=\"809e9ac\" data-element_type=\"widget\" data-widget_type=\"text-editor.default\">\n\t\t\t\t<div class=\"elementor-widget-container\">\n\t\t\t\t\t\t\t<h3>Introdu\u00e7\u00e3o:<\/h3><p>Voc\u00ea est\u00e1 precisando alavancar suas vendas?<\/p><p>Voc\u00ea ou sua equipe est\u00e3o no piloto autom\u00e1tico?<\/p><p>Sua taxa de convers\u00e3o de visitantes est\u00e1 baixa?<\/p><p>Voc\u00ea n\u00e3o tem um processo de vendas estruturado e padronizado e \u00e9 ref\u00e9m da equipe?<\/p><p>N\u00f3s queremos te ajudar a dar um upgrade nas suas vendas e na sua equipe, compartilhando conhecimentos acumulados durante v\u00e1rios anos de atua\u00e7\u00e3o nessa \u00e1rea e podemos afirmar: \u00e9 muito mais f\u00e1cil gerenciar o seu neg\u00f3cio com um processo de vendas organizado, com a equipe treinada e engajada para entender o perfil e as necessidades de cada cliente, munida de estrat\u00e9gias de atendimento e convers\u00e3o e com metas claras e definidas (o que n\u00e3o \u00e9 medido, n\u00e3o pode ser controlado)!<\/p><h3>A quem se destina<\/h3><p>Profissionais de Educa\u00e7\u00e3o F\u00edsica, Recepcionistas, Gerentes, Supervisoras, Coordenadores e Propriet\u00e1rios de Academias, Est\u00fadios e demais neg\u00f3cios no setor Fitness que precisam melhorar o atendimento, a reten\u00e7\u00e3o e as vendas.<\/p><h3>Sobre o Curso:<\/h3><p>O Curso de Vendas para Recepcionistas de Academias e Empreendimentos Fitness da Fitness Mais &#8211; Escola de Excel\u00eancia Profissional traz dicas e estrat\u00e9gias poderosas que v\u00e3o orientar voc\u00ea em sua jornada, tem a dura\u00e7\u00e3o de 3 horas dividido em 7 aulas dispon\u00edveis em nossa plataforma com material de estudo complementar e arquivos dispon\u00edveis para baixar: B.V (boletim de visita\u00e7\u00e3o), Script de liga\u00e7\u00f5es e o teste DISC.<\/p><p>As aulas podem ser assistidas de acordo com sua disponibilidade, a qualquer momento.<\/p><p>Voc\u00ea tamb\u00e9m ter\u00e1 direito a um certificado digital ao completar o curso.<\/p><p>Seu acesso estar\u00e1 liberado por 1 ano, ap\u00f3s esse per\u00edodo dever\u00e1 ser feita uma nova compra ou seu acesso ser\u00e1 cancelado.<\/p><p>Curso hospedado na plataforma Eduzz e com acesso por dispositivo m\u00f3vel, computador e TV.<\/p><h3>O que voc\u00ea vai aprender:<\/h3><ul><li>Aula 1 \u2013 Voc\u00ea sabe quais caracter\u00edsticas o consultor deve ter? Sabe que o seu cliente tem perfis diferentes e por isso deve ser tratado de uma forma \u00fanica? Voc\u00ea sabe para quem voc\u00ea esta vendendo?<\/li><li>Aula 2 \u2013 Voc\u00ea \u00e9 um anfitri\u00e3o? Sabe o que passa na cabe\u00e7a do seu consumidor? Conhece os 8 passos da venda?<\/li><li>Aula 3 \u2013 Voc\u00ea tem empatia? Sabe conquistar o cliente? Sabe fazer uma qualifica\u00e7\u00e3o impec\u00e1vel? Sabe dominar o processo de vendas?<\/li><li>Aula 4 \u2013 Voc\u00ea faz um Tour de verdade? Voc\u00ea promove experi\u00eancia para o seu clientes no momento em que ele est\u00e1 conhecendo o seu espa\u00e7o? Sabe apresentar as suas op\u00e7\u00f5es de plano da forma adequada?<\/li><li>Aula 5 &#8211; Conhece as obje\u00e7\u00f5es mais comuns? Sabe quebra-las? Voc\u00ea domina o processo de fechamento de planos e sabe como dar continuidade com seu cliente a partir da\u00ed?<\/li><li>Aula 6 \u2013 A import\u00e2ncia do valioso P\u00f3s venda, voc\u00ea d\u00e1 import\u00e2ncia para essa ferramenta? Deveria! Conhece as t\u00e9cnicas e regras do bom Telemarketing? Aquele que n\u00e3o ir\u00e1 fazer de voc\u00ea uma pessoa \u201cchata\u201d.<\/li><li>Aula 7 B\u00f4nus \u2013 DISC Voc\u00ea sabe quem \u00e9 voc\u00ea? Sabe como lidar com os diferentes estilos de comportamento humano? Surpreenda-se com essa ferramenta.<\/li><\/ul>\t\t\t\t\t\t<\/div>\n\t\t\t\t<\/div>\n\t\t\t\t<\/div>\n\t\t<div class=\"elementor-element elementor-element-074ce0a e-con-full e-flex wpr-particle-no wpr-jarallax-no wpr-parallax-no wpr-sticky-section-no e-con e-child\" data-id=\"074ce0a\" data-element_type=\"container\" data-settings=\"{&quot;background_background&quot;:&quot;classic&quot;}\">\n\t\t\t\t<div class=\"elementor-element elementor-element-7f4b905 content-align-cta-default elementor-widget elementor-widget-eael-cta-box\" data-id=\"7f4b905\" data-element_type=\"widget\" data-widget_type=\"eael-cta-box.default\">\n\t\t\t\t<div class=\"elementor-widget-container\">\n\t\t\t\t\t<div class=\"eael-call-to-action cta-basic bg-lite cta-preset-1\">\n        <h4 class=\"sub-title\">Palestrante<\/h4><h2 class=\"title\">PATR\u00cdCIA VASCONCELLOS FERREIRA<\/h2><p>CREF 041796 G\/SP<\/p><p>Educadora da Fitness Mais \u2013 Escola de Excel\u00eancia Profissional; Graduada em Educa\u00e7\u00e3o F\u00edsica pela UNI FMU; P\u00f3s-graduada em Administra\u00e7\u00e3o e Marketing Esportivo pela ESPM - Escola Superior de Propaganda e Marketing; Certificada pela Dale Carnegie em Treinamento de Compet\u00eancias Interpessoais; Especialista em M\u00eddias Digitais - ESPM \u2013 Escola Superior de Propaganda e Marketing; Atuou na \u00c1rea Comercial na rede de Academia Cia Athletica; Atuou como Gerente Geral e Comercial do Levitas Centro de Bem-Estar; Atuou como Gerente Geral e Comercial na rede de Academias Monday; Atual Gerente de Marketing e Relacionamento do Espa\u00e7o Volpi; Especialista em Eventos Esportivos, gerenciou grandes eventos como os Jogos Pan Americanos Rio 2007.<\/p><a href=\"https:\/\/maps.app.goo.gl\/6GH9SUkA5M1oZx9XA\" target=\"_blank\" class=\"cta-button  \">MAPA DO LOCAL<\/a>\t<\/div>\n\t\t\t\t\t\t<\/div>\n\t\t\t\t<\/div>\n\t\t\t\t<div class=\"elementor-element elementor-element-17cfe1c elementor-widget elementor-widget-image\" data-id=\"17cfe1c\" data-element_type=\"widget\" data-widget_type=\"image.default\">\n\t\t\t\t<div class=\"elementor-widget-container\">\n\t\t\t\t\t\t\t\t\t\t\t\t\t<img fetchpriority=\"high\" decoding=\"async\" width=\"240\" height=\"235\" src=\"https:\/\/fitnessmais.com.br\/site2024\/wp-content\/uploads\/2023\/10\/selo-satisfacao-garantida.png\" class=\"attachment-large size-large wp-image-1431\" alt=\"\" \/>\t\t\t\t\t\t\t\t\t\t\t\t\t<\/div>\n\t\t\t\t<\/div>\n\t\t\t\t<div class=\"elementor-element elementor-element-b88694d elementor-widget elementor-widget-text-editor\" data-id=\"b88694d\" data-element_type=\"widget\" data-widget_type=\"text-editor.default\">\n\t\t\t\t<div class=\"elementor-widget-container\">\n\t\t\t\t\t\t\t<p>O c\u00f3digo de defesa do consumidor (Art. 49) garante 7 dias para solicitar reembolso em caso de insatisfa\u00e7\u00e3o com o produto. N\u00f3s confiramos tanto em nossos estudos e pesquisas que lhe garantimos 7 dias de garantia incondicional.<\/p>\t\t\t\t\t\t<\/div>\n\t\t\t\t<\/div>\n\t\t\t\t<\/div>\n\t\t\t\t\t<\/div>\n\t\t\t\t<\/div>\n\t\t\t\t<section class=\"elementor-section elementor-top-section elementor-element elementor-element-5bf08d9 elementor-section-content-middle elementor-section-boxed elementor-section-height-default elementor-section-height-default wpr-particle-no wpr-jarallax-no wpr-parallax-no wpr-sticky-section-no\" data-id=\"5bf08d9\" data-element_type=\"section\" data-settings=\"{&quot;background_background&quot;:&quot;classic&quot;}\">\n\t\t\t\t\t\t<div class=\"elementor-container elementor-column-gap-extended\">\n\t\t\t\t\t<div class=\"elementor-column elementor-col-100 elementor-top-column elementor-element elementor-element-3fcd23f\" data-id=\"3fcd23f\" data-element_type=\"column\">\n\t\t\t<div class=\"elementor-widget-wrap elementor-element-populated\">\n\t\t\t\t<div class=\"elementor-element elementor-element-a2384c9 e-grid e-con-full wpr-particle-no wpr-jarallax-no wpr-parallax-no wpr-sticky-section-no e-con e-parent\" data-id=\"a2384c9\" data-element_type=\"container\">\n\t\t\t\t<div class=\"elementor-element elementor-element-93ce5b8 elementor-align-center elementor-widget elementor-widget-button\" data-id=\"93ce5b8\" data-element_type=\"widget\" data-widget_type=\"button.default\">\n\t\t\t\t<div class=\"elementor-widget-container\">\n\t\t\t\t\t<div class=\"elementor-button-wrapper\">\n\t\t\t<a class=\"elementor-button elementor-button-link elementor-size-sm\" href=\"#TOPO\">\n\t\t\t\t\t\t<span class=\"elementor-button-content-wrapper\">\n\t\t\t\t\t\t<span class=\"elementor-button-icon\">\n\t\t\t\t<i aria-hidden=\"true\" class=\"fas fa-arrow-up\"><\/i>\t\t\t<\/span>\n\t\t\t\t\t\t\t\t\t<span class=\"elementor-button-text\">VOLTAR PARA O TOPO<\/span>\n\t\t\t\t\t<\/span>\n\t\t\t\t\t<\/a>\n\t\t<\/div>\n\t\t\t\t<\/div>\n\t\t\t\t<\/div>\n\t\t\t\t<div class=\"elementor-element elementor-element-cbc49aa elementor-align-justify elementor-widget elementor-widget-button\" data-id=\"cbc49aa\" data-element_type=\"widget\" data-widget_type=\"button.default\">\n\t\t\t\t<div class=\"elementor-widget-container\">\n\t\t\t\t\t<div class=\"elementor-button-wrapper\">\n\t\t\t<a class=\"elementor-button elementor-button-link elementor-size-sm\" href=\"https:\/\/fitnessmais.com.br\/site2024\/cursos-onlin\/\">\n\t\t\t\t\t\t<span class=\"elementor-button-content-wrapper\">\n\t\t\t\t\t\t<span class=\"elementor-button-icon\">\n\t\t\t\t<i aria-hidden=\"true\" class=\"fas fa-arrow-left\"><\/i>\t\t\t<\/span>\n\t\t\t\t\t\t\t\t\t<span class=\"elementor-button-text\">VOLTAR PARA LISTA DE CURSOS<\/span>\n\t\t\t\t\t<\/span>\n\t\t\t\t\t<\/a>\n\t\t<\/div>\n\t\t\t\t<\/div>\n\t\t\t\t<\/div>\n\t\t\t\t<\/div>\n\t\t\t\t\t<\/div>\n\t\t<\/div>\n\t\t\t\t\t<\/div>\n\t\t<\/section>\n\t\t\t\t<section class=\"elementor-section elementor-top-section elementor-element elementor-element-66ab5ff elementor-section-content-middle elementor-section-boxed elementor-section-height-default elementor-section-height-default wpr-particle-no wpr-jarallax-no wpr-parallax-no wpr-sticky-section-no\" data-id=\"66ab5ff\" data-element_type=\"section\" data-settings=\"{&quot;background_background&quot;:&quot;classic&quot;,&quot;background_motion_fx_motion_fx_mouse&quot;:&quot;yes&quot;,&quot;background_motion_fx_mouseTrack_effect&quot;:&quot;yes&quot;,&quot;background_motion_fx_mouseTrack_direction&quot;:&quot;negative&quot;,&quot;background_motion_fx_mouseTrack_speed&quot;:{&quot;unit&quot;:&quot;px&quot;,&quot;size&quot;:1,&quot;sizes&quot;:[]}}\">\n\t\t\t\t\t\t\t<div class=\"elementor-background-overlay\"><\/div>\n\t\t\t\t\t\t\t<div class=\"elementor-container elementor-column-gap-extended\">\n\t\t\t\t\t<div class=\"elementor-column elementor-col-66 elementor-top-column elementor-element elementor-element-235020a\" data-id=\"235020a\" data-element_type=\"column\">\n\t\t\t<div class=\"elementor-widget-wrap elementor-element-populated\">\n\t\t\t\t\t\t<div class=\"elementor-element elementor-element-dd208b3 animated-fast elementor-invisible elementor-widget elementor-widget-zapedah-title\" data-id=\"dd208b3\" data-element_type=\"widget\" data-settings=\"{&quot;_animation&quot;:&quot;fadeInUp&quot;,&quot;_animation_tablet&quot;:&quot;none&quot;}\" data-widget_type=\"zapedah-title.default\">\n\t\t\t\t<div class=\"elementor-widget-container\">\n\t\t\t<h2 class=\"content-title\">Excel\u00eancia em Fitness para <b>sua Carreira e Neg\u00f3cio!<\/b><\/h2>\t\t<\/div>\n\t\t\t\t<\/div>\n\t\t\t\t<div class=\"elementor-element elementor-element-5f827b4 animated-fast elementor-invisible elementor-widget elementor-widget-text-editor\" data-id=\"5f827b4\" data-element_type=\"widget\" data-settings=\"{&quot;_animation&quot;:&quot;fadeInUp&quot;,&quot;_animation_tablet&quot;:&quot;none&quot;,&quot;_animation_delay&quot;:200}\" data-widget_type=\"text-editor.default\">\n\t\t\t\t<div class=\"elementor-widget-container\">\n\t\t\t\t\t\t\t<p>Transformando paix\u00e3o em sucesso. Conte com nossa expertise de 25 anos para alcan\u00e7ar novos patamares no mundo do fitness.<\/p>\t\t\t\t\t\t<\/div>\n\t\t\t\t<\/div>\n\t\t\t\t\t<\/div>\n\t\t<\/div>\n\t\t\t\t<div class=\"elementor-column elementor-col-33 elementor-top-column elementor-element elementor-element-91dd8a2\" data-id=\"91dd8a2\" data-element_type=\"column\">\n\t\t\t<div class=\"elementor-widget-wrap\">\n\t\t\t\t\t\t\t<\/div>\n\t\t<\/div>\n\t\t\t\t\t<\/div>\n\t\t<\/section>\n\t\t\t\t<\/div>\n\t\t","protected":false},"excerpt":{"rendered":"<p>CURSO ONLINE Vendas e Atendimento para Academias. VOLTAR PARA LISTA DE CURSOS INVESTIMENTO at\u00e9 12x R$ 34,90 R$ 349,00 \u00e0 vista INSCREVA-SE AGORA Compra 100% Segura &#8211; Verificado e protegido Assista por at\u00e9 1 ano ap\u00f3s a compra, quantas vezes quiser e quando quiser. ONLINE 3 HORAS AULA EM 7 V\u00cdDEO AULAS MATERIAL PARA DOWNLOAD + CERTIFICADO Introdu\u00e7\u00e3o: Voc\u00ea est\u00e1<\/p>\n","protected":false},"author":10,"featured_media":0,"parent":2350,"menu_order":0,"comment_status":"closed","ping_status":"closed","template":"blank-builder.php","meta":{"footnotes":""},"class_list":["post-2394","page","type-page","status-publish","hentry"],"_links":{"self":[{"href":"https:\/\/fitnessmais.com.br\/site2024\/wp-json\/wp\/v2\/pages\/2394"}],"collection":[{"href":"https:\/\/fitnessmais.com.br\/site2024\/wp-json\/wp\/v2\/pages"}],"about":[{"href":"https:\/\/fitnessmais.com.br\/site2024\/wp-json\/wp\/v2\/types\/page"}],"author":[{"embeddable":true,"href":"https:\/\/fitnessmais.com.br\/site2024\/wp-json\/wp\/v2\/users\/10"}],"replies":[{"embeddable":true,"href":"https:\/\/fitnessmais.com.br\/site2024\/wp-json\/wp\/v2\/comments?post=2394"}],"version-history":[{"count":13,"href":"https:\/\/fitnessmais.com.br\/site2024\/wp-json\/wp\/v2\/pages\/2394\/revisions"}],"predecessor-version":[{"id":3156,"href":"https:\/\/fitnessmais.com.br\/site2024\/wp-json\/wp\/v2\/pages\/2394\/revisions\/3156"}],"up":[{"embeddable":true,"href":"https:\/\/fitnessmais.com.br\/site2024\/wp-json\/wp\/v2\/pages\/2350"}],"wp:attachment":[{"href":"https:\/\/fitnessmais.com.br\/site2024\/wp-json\/wp\/v2\/media?parent=2394"}],"curies":[{"name":"wp","href":"https:\/\/api.w.org\/{rel}","templated":true}]}}